{"id":111,"date":"2021-07-09T12:17:14","date_gmt":"2021-07-09T10:17:14","guid":{"rendered":"https:\/\/blog.ethicit.fr\/?page_id=111"},"modified":"2022-07-28T15:48:33","modified_gmt":"2022-07-28T13:48:33","slug":"stockage-et-sauvegarde","status":"publish","type":"page","link":"https:\/\/www.ethicit.fr\/?page_id=111","title":{"rendered":"Infrastructure , stockage et sauvegarde"},"content":{"rendered":"\n<p><\/p>\n\n\n\n<p>L&rsquo;infrastructure <mark style=\"background-color:rgba(0, 0, 0, 0)\" class=\"has-inline-color has-vivid-cyan-blue-color\"><strong>EthicIT <\/strong><\/mark>se compose de 2 serveurs T320 V2, l&rsquo;un \u00e9tant le backup de l&rsquo;autre . <\/p>\n\n\n\n<p>Chacun des serveurs est compos\u00e9 de :<\/p>\n\n\n\n<ul class=\"wp-block-list\"><li>1CPU 12coeurs ( Intel(R) Xeon(R) E5-2420 v2 @ 2.20GHz )<\/li><li>32Go RAM<\/li><li>idrac<\/li><li>2 Disques 1To en RAID1 pour le syst\u00e8me ( HDD SAS 7200 Entreprise class ) <\/li><li>2 Disques 4To en RAID1 pour le syst\u00e8me ( HDD SAS 7200 Entreprise class ) <\/li><li>LAN Gigabite<\/li><li>Connexion Fibre<\/li><\/ul>\n\n\n\n<p>Les 2 serveurs sont situ\u00e9s \u00e0 + de 800km l&rsquo;un de l&rsquo;autre. <\/p>\n\n\n\n<p><strong><mark style=\"background-color:rgba(0, 0, 0, 0)\" class=\"has-inline-color has-vivid-cyan-blue-color\">NEW <\/mark><\/strong>: En plus, un serveur proxmox h\u00e9berg\u00e9 chez <a rel=\"noreferrer noopener\" href=\"https:\/\/www.hetzner.com\/\" target=\"_blank\">Hetzner <\/a> ( en Allemagne )<\/p>\n\n\n\n<ul class=\"wp-block-list\"><li>1 CPU E3-1275 v6 @ 3.80GHz<\/li><li>64GB RAM<\/li><li>2 Disques SSD Datacenter 480 Gb en RAID1  pour le syst\u00e8me<\/li><\/ul>\n\n\n\n<p><strong>Voici un sch\u00e9ma de l&rsquo;infrastructure <\/strong>:<\/p>\n\n\n\n<figure class=\"wp-block-image size-full\"><img loading=\"lazy\" decoding=\"async\" width=\"738\" height=\"456\" src=\"https:\/\/www.ethicit.fr\/wp-content\/uploads\/2022\/07\/infra.png\" alt=\"\" class=\"wp-image-383\" srcset=\"https:\/\/www.ethicit.fr\/wp-content\/uploads\/2022\/07\/infra.png 738w, https:\/\/www.ethicit.fr\/wp-content\/uploads\/2022\/07\/infra-300x185.png 300w\" sizes=\"auto, (max-width: 738px) 100vw, 738px\" \/><\/figure>\n\n\n\n<p>Afin de garantir que les donn\u00e9es vous soient toujours accessible, mais en cas de probl\u00e8me sur le serveur , <strong><mark style=\"background-color:rgba(0, 0, 0, 0)\" class=\"has-inline-color has-vivid-cyan-blue-color\">EthicIT <\/mark><\/strong>assure une sauvegarde en 3 \u00e9tapes :<\/p>\n\n\n\n<ul class=\"wp-block-list\"><li>Sauvegarde automatique de l&rsquo;ensemble des donn\u00e9es , crypt\u00e9es sur des disques diff\u00e9rents, toutes les nuits<\/li><li>Sauvegarde hebdomadaire sur des disques locaux , mais sur un NAS , sur le m\u00eame site<\/li><li>Copie hebdomadaire des sauvegardes sur un site externe \u00e0 plus de 800km du site afin de garantir un non impact en cas d&rsquo;incident \/ coupure de courants prolong\u00e9s<\/li><li>Les sauvegardes entre les disques se font via l&rsquo;outil BorgBackup<\/li><\/ul>\n\n\n\n<p><\/p>\n","protected":false},"excerpt":{"rendered":"<p>L&rsquo;infrastructure EthicIT se compose de 2 serveurs T320 V2, l&rsquo;un \u00e9tant le backup de l&rsquo;autre . Chacun des serveurs est<\/p>\n","protected":false},"author":1,"featured_media":0,"parent":0,"menu_order":0,"comment_status":"closed","ping_status":"closed","template":"","meta":{"colormag_page_container_layout":"no_sidebar_full_width","colormag_page_sidebar_layout":"no_sidebar","footnotes":""},"class_list":["post-111","page","type-page","status-publish","hentry"],"_links":{"self":[{"href":"https:\/\/www.ethicit.fr\/index.php?rest_route=\/wp\/v2\/pages\/111","targetHints":{"allow":["GET"]}}],"collection":[{"href":"https:\/\/www.ethicit.fr\/index.php?rest_route=\/wp\/v2\/pages"}],"about":[{"href":"https:\/\/www.ethicit.fr\/index.php?rest_route=\/wp\/v2\/types\/page"}],"author":[{"embeddable":true,"href":"https:\/\/www.ethicit.fr\/index.php?rest_route=\/wp\/v2\/users\/1"}],"replies":[{"embeddable":true,"href":"https:\/\/www.ethicit.fr\/index.php?rest_route=%2Fwp%2Fv2%2Fcomments&post=111"}],"version-history":[{"count":13,"href":"https:\/\/www.ethicit.fr\/index.php?rest_route=\/wp\/v2\/pages\/111\/revisions"}],"predecessor-version":[{"id":384,"href":"https:\/\/www.ethicit.fr\/index.php?rest_route=\/wp\/v2\/pages\/111\/revisions\/384"}],"wp:attachment":[{"href":"https:\/\/www.ethicit.fr\/index.php?rest_route=%2Fwp%2Fv2%2Fmedia&parent=111"}],"curies":[{"name":"wp","href":"https:\/\/api.w.org\/{rel}","templated":true}]}}