{"id":2,"date":"2021-06-24T14:54:24","date_gmt":"2021-06-24T12:54:24","guid":{"rendered":"https:\/\/blog.ethicit.fr\/?page_id=2"},"modified":"2023-11-02T22:06:14","modified_gmt":"2023-11-02T21:06:14","slug":"ethic-it","status":"publish","type":"page","link":"https:\/\/www.ethicit.fr\/","title":{"rendered":""},"content":{"rendered":"\n<div class=\"wp-block-group is-layout-flow wp-block-group-is-layout-flow\">\n<div class=\"wp-block-group is-layout-flow wp-block-group-is-layout-flow\">\n<h1 class=\"wp-block-heading has-text-align-center\"><strong><mark style=\"background-color:rgba(0, 0, 0, 0)\" class=\"has-inline-color has-ast-global-color-0-color\">Vos donn\u00e9es<\/mark><\/strong><mark style=\"background-color:rgba(0, 0, 0, 0)\" class=\"has-inline-color has-ast-global-color-0-color\"> ne sont <\/mark><strong><mark style=\"background-color:rgba(0, 0, 0, 0)\" class=\"has-inline-color has-ast-global-color-0-color\">qu&rsquo;\u00e0 vous !<\/mark><\/strong><\/h1>\n\n\n\n<p><\/p>\n<\/div>\n<\/div>\n\n\n\n<p class=\"has-text-align-center\" style=\"font-size:24px\"><mark style=\"background-color:rgba(0, 0, 0, 0)\" class=\"has-inline-color has-vivid-cyan-blue-color\"><strong>Ethic IT<\/strong> <\/mark><mark style=\"background-color:rgba(0, 0, 0, 0)\" class=\"has-inline-color has-black-color\"><\/mark><mark style=\"background-color:rgba(0, 0, 0, 0)\" class=\"has-inline-color has-black-color\">vous propose des solutions vous permettant, entreprise ou particulier, d&rsquo;utiliser des outils informatiques dans un environnement <strong>sain<\/strong>, <strong>prot\u00e9g\u00e9 <\/strong>et <strong>respectueux des vies priv\u00e9es<\/strong><\/mark><\/p>\n\n\n\n<hr class=\"wp-block-separator has-text-color has-black-color has-css-opacity has-black-background-color has-background is-style-wide\"\/>\n\n\n\n<h2 class=\"wp-block-heading has-text-align-center\" style=\"margin-top:0;margin-right:0;margin-bottom:0;margin-left:0\"><mark style=\"background-color:rgba(0, 0, 0, 0)\" class=\"has-inline-color has-vivid-cyan-blue-color\">Ethic IT<\/mark> est une soci\u00e9t\u00e9, bas\u00e9e \u00e0 Bessi\u00e8res en Occitanie, qui vous assure : <\/h2>\n\n\n\n<div class=\"wp-block-columns alignfull is-layout-flex wp-container-core-columns-is-layout-28f84493 wp-block-columns-is-layout-flex\">\n<div class=\"wp-block-column is-layout-flow wp-block-column-is-layout-flow\" style=\"flex-basis:100%\">\n<div class=\"wp-block-columns is-layout-flex wp-container-core-columns-is-layout-28f84493 wp-block-columns-is-layout-flex\">\n<div class=\"wp-block-column is-layout-flow wp-block-column-is-layout-flow\" style=\"flex-basis:100%\">\n<div class=\"wp-block-group alignfull has-black-color has-white-background-color has-text-color has-background is-layout-flow wp-block-group-is-layout-flow\">\n<div class=\"wp-block-columns alignfull is-layout-flex wp-container-core-columns-is-layout-28f84493 wp-block-columns-is-layout-flex\">\n<div class=\"wp-block-column is-layout-flow wp-block-column-is-layout-flow\">\n<div class=\"wp-block-group is-layout-flow wp-block-group-is-layout-flow\">\n<p class=\"has-text-align-center\" style=\"font-size:32px\"><mark style=\"background-color:rgba(0, 0, 0, 0)\" class=\"has-inline-color has-vivid-cyan-blue-color\"><i class=\"far fa-handshake\"><\/i> <\/mark><\/p>\n\n\n\n<h5 class=\"wp-block-heading has-text-align-center\">Un interlocuteur unique et qualifi\u00e9<\/h5>\n<\/div>\n<\/div>\n\n\n\n<div class=\"wp-block-column is-layout-flow wp-block-column-is-layout-flow\">\n<p class=\"has-text-align-center\" style=\"font-size:32px\"><mark style=\"background-color:rgba(0, 0, 0, 0)\" class=\"has-inline-color has-vivid-cyan-blue-color\"><i class=\"far fa-paper-plane\"><\/i><\/mark><\/p>\n\n\n\n<h5 class=\"wp-block-heading has-text-align-center\">Une approche simple et efficace<\/h5>\n<\/div>\n\n\n\n<div class=\"wp-block-column is-layout-flow wp-block-column-is-layout-flow\">\n<p class=\"has-text-align-center\" style=\"font-size:32px\"><mark style=\"background-color:rgba(0, 0, 0, 0)\" class=\"has-inline-color has-vivid-cyan-blue-color\"><i class=\"fas fa-tools\"><\/i><\/mark><\/p>\n\n\n\n<h5 class=\"wp-block-heading has-text-align-center\">Une cr\u00e9ation cl\u00e9 en main et modulable<\/h5>\n<\/div>\n<\/div>\n<\/div>\n<\/div>\n<\/div>\n<\/div>\n<\/div>\n\n\n\n<hr class=\"wp-block-separator has-text-color has-black-color has-css-opacity has-black-background-color has-background is-style-wide\"\/>\n\n\n\n<p class=\"has-text-align-center\" style=\"font-size:24px\"><mark style=\"background-color:rgba(0, 0, 0, 0)\" class=\"has-inline-color has-vivid-cyan-blue-color\"><strong>Ethic IT<\/strong><\/mark> <mark style=\"background-color:rgba(0, 0, 0, 0)\" class=\"has-inline-color has-black-color\">vous met \u00e0 disposition des outils de cloud , de communication, de visioconf\u00e9rence , d&rsquo;h\u00e9bergements de site internet, de gestion comptable . Vous trouverez une liste non-exhaustive des produits propos\u00e9s<\/mark> <a href=\"https:\/\/blog.ethicit.fr\/?page_id=85\" data-type=\"page\" data-id=\"85\">ici<\/a>.<\/p>\n\n\n\n<hr class=\"wp-block-separator aligncenter has-alpha-channel-opacity is-style-wide\"\/>\n\n\n\n<h1 class=\"wp-block-heading has-text-align-center\">Voici quelques clients qui utilisent les services <mark style=\"background-color:rgba(0, 0, 0, 0)\" class=\"has-inline-color has-vivid-cyan-blue-color\"><strong>Ethic IT<\/strong><\/mark><\/h1>\n\n\n\n<div class=\"wp-block-columns are-vertically-aligned-center is-layout-flex wp-container-core-columns-is-layout-28f84493 wp-block-columns-is-layout-flex\">\n<div class=\"wp-block-column is-vertically-aligned-center is-layout-flow wp-block-column-is-layout-flow\">\n<figure class=\"wp-block-image aligncenter size-full\"><img loading=\"lazy\" decoding=\"async\" width=\"883\" height=\"353\" src=\"https:\/\/www.ethicit.fr\/wp-content\/uploads\/2023\/11\/Nouveau-Logo.png\" alt=\"\" class=\"wp-image-524\" style=\"aspect-ratio:2.501416430594901\" srcset=\"https:\/\/www.ethicit.fr\/wp-content\/uploads\/2023\/11\/Nouveau-Logo.png 883w, https:\/\/www.ethicit.fr\/wp-content\/uploads\/2023\/11\/Nouveau-Logo-300x120.png 300w, https:\/\/www.ethicit.fr\/wp-content\/uploads\/2023\/11\/Nouveau-Logo-768x307.png 768w\" sizes=\"auto, (max-width: 883px) 100vw, 883px\" \/><\/figure>\n<\/div>\n\n\n\n<div class=\"wp-block-column is-vertically-aligned-center is-layout-flow wp-block-column-is-layout-flow\">\n<figure class=\"wp-block-image size-large is-resized\"><img loading=\"lazy\" decoding=\"async\" width=\"1024\" height=\"391\" src=\"https:\/\/www.ethicit.fr\/wp-content\/uploads\/2023\/11\/Logo-MABO-1536x586-1-1024x391.png\" alt=\"\" class=\"wp-image-525\" style=\"aspect-ratio:2.6189258312020463;width:343px;height:auto\" srcset=\"https:\/\/www.ethicit.fr\/wp-content\/uploads\/2023\/11\/Logo-MABO-1536x586-1-1024x391.png 1024w, https:\/\/www.ethicit.fr\/wp-content\/uploads\/2023\/11\/Logo-MABO-1536x586-1-300x114.png 300w, https:\/\/www.ethicit.fr\/wp-content\/uploads\/2023\/11\/Logo-MABO-1536x586-1-768x293.png 768w, https:\/\/www.ethicit.fr\/wp-content\/uploads\/2023\/11\/Logo-MABO-1536x586-1.png 1536w\" sizes=\"auto, (max-width: 1024px) 100vw, 1024px\" \/><\/figure>\n<\/div>\n\n\n\n<div class=\"wp-block-column is-vertically-aligned-center is-layout-flow wp-block-column-is-layout-flow\">\n<figure class=\"wp-block-image size-full is-resized\"><img loading=\"lazy\" decoding=\"async\" width=\"752\" height=\"373\" src=\"https:\/\/www.ethicit.fr\/wp-content\/uploads\/2023\/11\/cropped-dimaupre-logo.png\" alt=\"\" class=\"wp-image-526\" style=\"aspect-ratio:2.0160857908847185;width:286px;height:auto\" srcset=\"https:\/\/www.ethicit.fr\/wp-content\/uploads\/2023\/11\/cropped-dimaupre-logo.png 752w, https:\/\/www.ethicit.fr\/wp-content\/uploads\/2023\/11\/cropped-dimaupre-logo-300x149.png 300w\" sizes=\"auto, (max-width: 752px) 100vw, 752px\" \/><\/figure>\n<\/div>\n<\/div>\n\n\n\n<div class=\"wp-block-columns is-layout-flex wp-container-core-columns-is-layout-28f84493 wp-block-columns-is-layout-flex\">\n<div class=\"wp-block-column is-layout-flow wp-block-column-is-layout-flow\" style=\"flex-basis:100%\">\n<div class=\"wp-block-columns is-layout-flex wp-container-core-columns-is-layout-28f84493 wp-block-columns-is-layout-flex\">\n<div class=\"wp-block-column is-layout-flow wp-block-column-is-layout-flow\" style=\"flex-basis:100%\"><\/div>\n<\/div>\n<\/div>\n<\/div>\n","protected":false},"excerpt":{"rendered":"<p>Vos donn\u00e9es ne sont qu&rsquo;\u00e0 vous ! Ethic IT vous propose des solutions vous permettant, entreprise ou particulier, d&rsquo;utiliser des<\/p>\n","protected":false},"author":1,"featured_media":0,"parent":0,"menu_order":0,"comment_status":"closed","ping_status":"open","template":"","meta":{"colormag_page_container_layout":"no_sidebar_content_centered","colormag_page_sidebar_layout":"no_sidebar","footnotes":""},"class_list":["post-2","page","type-page","status-publish","hentry"],"_links":{"self":[{"href":"https:\/\/www.ethicit.fr\/index.php?rest_route=\/wp\/v2\/pages\/2","targetHints":{"allow":["GET"]}}],"collection":[{"href":"https:\/\/www.ethicit.fr\/index.php?rest_route=\/wp\/v2\/pages"}],"about":[{"href":"https:\/\/www.ethicit.fr\/index.php?rest_route=\/wp\/v2\/types\/page"}],"author":[{"embeddable":true,"href":"https:\/\/www.ethicit.fr\/index.php?rest_route=\/wp\/v2\/users\/1"}],"replies":[{"embeddable":true,"href":"https:\/\/www.ethicit.fr\/index.php?rest_route=%2Fwp%2Fv2%2Fcomments&post=2"}],"version-history":[{"count":57,"href":"https:\/\/www.ethicit.fr\/index.php?rest_route=\/wp\/v2\/pages\/2\/revisions"}],"predecessor-version":[{"id":537,"href":"https:\/\/www.ethicit.fr\/index.php?rest_route=\/wp\/v2\/pages\/2\/revisions\/537"}],"wp:attachment":[{"href":"https:\/\/www.ethicit.fr\/index.php?rest_route=%2Fwp%2Fv2%2Fmedia&parent=2"}],"curies":[{"name":"wp","href":"https:\/\/api.w.org\/{rel}","templated":true}]}}