{"id":211,"date":"2021-10-27T10:59:47","date_gmt":"2021-10-27T08:59:47","guid":{"rendered":"https:\/\/blog.ethicit.fr\/?page_id=211"},"modified":"2022-07-27T14:22:47","modified_gmt":"2022-07-27T12:22:47","slug":"lauteur","status":"publish","type":"page","link":"https:\/\/www.ethicit.fr\/?page_id=211","title":{"rendered":"Qui est derri\u00e8re Ethic-IT ?"},"content":{"rendered":"\n<p><\/p>\n\n\n\n<p><a rel=\"noreferrer noopener\" href=\"https:\/\/www.devloprog.org\/maletschalck\" target=\"_blank\">Baptiste Malet-Schalck<\/a> : Administrateur Syst\u00e8me, Scrum Master , Chef de projets Informatiques, passionn\u00e9 d&rsquo;astronomie.<\/p>\n\n\n\n<h2 class=\"wp-block-heading\">Un constat<\/h2>\n\n\n\n<p>Il fut un temps, pas si longtemps, ou le cloud \u00e9tait la source de toutes les nouveaut\u00e9s, le bienfait miraculeux permettant de s\u2019abroger des probl\u00e9matiques d&rsquo;espace \/ serveurs \/ r\u00e9seau etc &#8230;<\/p>\n\n\n\n<p>Autant en entreprise que chez soi. Ainsi sont apparus des services tel que Google Drive, le francophone Hubic de chez OVH , l&rsquo;am\u00e9ricain Dropbox et consort&#8230;<\/p>\n\n\n\n<p>Mais lorsque le r\u00e9seau ne se fait plus, lorsque les acc\u00e8s ne sont plus op\u00e9rants , tout est perdu ou du moins inaccessible.&nbsp;<a href=\"http:\/\/blogatipic-avocat.com\/le-cloud-et-le-faux-sentiment-detre-proprietaire-des-donnees-cloud-and-the-false-sense-of-data-ownership\/\">Et on ne parle de la propri\u00e9t\u00e9 des donn\u00e9es qui sont alors dans un magma alambiqu\u00e9 de CGV non lue<\/a>&nbsp;&#8230;<\/p>\n\n\n\n<h2 class=\"wp-block-heading\">Une ind\u00e9pendance num\u00e9rique<\/h2>\n\n\n\n<p>J&rsquo;ai donc d\u00e9cid\u00e9 de monter ma propre structure , simple , mais robuste pour que&nbsp;<strong>MES<\/strong>&nbsp;donn\u00e9es soient h\u00e9berg\u00e9es chez moi.<\/p>\n\n\n\n<p>Evidement , cela prend du temps et n\u00e9cessite quelques heures de travail , mais \u00eatre serein sur qui peut acc\u00e9der \u00e0 ses donn\u00e9es, et \u00eatre sur de pouvoir les r\u00e9cup\u00e9rer, est un objectif qui est int\u00e9ressant, porteur et grisant !<\/p>\n\n\n\n<p>C&rsquo;est pourquoi j&rsquo;ai cr\u00e9\u00e9 cet h\u00e9bergement via des outils OpenSource ( Nextcloud et ses plugins ), qui a l&rsquo;avantage d&rsquo;avoir une grosse communaut\u00e9 de d\u00e9veloppeurs et d&rsquo;utilisateurs. Ainsi, la version utilis\u00e9e a \u00e9t\u00e9 test\u00e9e et est assez mature pour \u00eatre mise \u00e0 disposition.<\/p>\n\n\n\n<p>J&rsquo;ai ajout\u00e9 \u00e0 cet h\u00e9bergement un outil permettant la modification en ligne des documents ( Office notamment ), afin de palier au T\u00e9l\u00e9chargement + Edition + T\u00e9l\u00e9versement qui est parfois fastidieux.<\/p>\n\n\n\n<p>Ces outils sont install\u00e9 sur 1 serveur d\u00e9di\u00e9, ce qui permet un service rapide et sans adh\u00e9rence avec les autres outils<\/p>\n\n\n\n<p>Et enfin, afin d&rsquo;assurer l&rsquo;accessibilit\u00e9 des donn\u00e9es, je vous sugg\u00e8re de voir l&rsquo;infrastructure mise en place sur la page <a href=\"https:\/\/ethicit.fr\/?page_id=111\">idoine<\/a><\/p>\n","protected":false},"excerpt":{"rendered":"<p>Baptiste Malet-Schalck : Administrateur Syst\u00e8me, Scrum Master , Chef de projets Informatiques, passionn\u00e9 d&rsquo;astronomie. Un constat Il fut un temps,<\/p>\n","protected":false},"author":1,"featured_media":0,"parent":0,"menu_order":0,"comment_status":"closed","ping_status":"closed","template":"","meta":{"colormag_page_container_layout":"default_layout","colormag_page_sidebar_layout":"default_layout","footnotes":""},"class_list":["post-211","page","type-page","status-publish","hentry"],"_links":{"self":[{"href":"https:\/\/www.ethicit.fr\/index.php?rest_route=\/wp\/v2\/pages\/211","targetHints":{"allow":["GET"]}}],"collection":[{"href":"https:\/\/www.ethicit.fr\/index.php?rest_route=\/wp\/v2\/pages"}],"about":[{"href":"https:\/\/www.ethicit.fr\/index.php?rest_route=\/wp\/v2\/types\/page"}],"author":[{"embeddable":true,"href":"https:\/\/www.ethicit.fr\/index.php?rest_route=\/wp\/v2\/users\/1"}],"replies":[{"embeddable":true,"href":"https:\/\/www.ethicit.fr\/index.php?rest_route=%2Fwp%2Fv2%2Fcomments&post=211"}],"version-history":[{"count":5,"href":"https:\/\/www.ethicit.fr\/index.php?rest_route=\/wp\/v2\/pages\/211\/revisions"}],"predecessor-version":[{"id":382,"href":"https:\/\/www.ethicit.fr\/index.php?rest_route=\/wp\/v2\/pages\/211\/revisions\/382"}],"wp:attachment":[{"href":"https:\/\/www.ethicit.fr\/index.php?rest_route=%2Fwp%2Fv2%2Fmedia&parent=211"}],"curies":[{"name":"wp","href":"https:\/\/api.w.org\/{rel}","templated":true}]}}