{"id":224,"date":"2021-10-28T13:49:43","date_gmt":"2021-10-28T11:49:43","guid":{"rendered":"https:\/\/blog.ethicit.fr\/?page_id=224"},"modified":"2022-07-27T12:28:17","modified_gmt":"2022-07-27T10:28:17","slug":"etat-du-systeme","status":"publish","type":"page","link":"https:\/\/www.ethicit.fr\/?page_id=224","title":{"rendered":"Etat des Services"},"content":{"rendered":"\n<p><\/p>\n\n\n\n<h3 class=\"wp-block-heading\"><strong>Zabbix <\/strong>: <\/h3>\n\n\n\n<p>Les syst\u00e8me g\u00e9r\u00e9s par EthicIT sont monitor\u00e9s via <a rel=\"noreferrer noopener\" href=\"https:\/\/www.zabbix.com\/\" target=\"_blank\">Zabbix<\/a>, puissant outil utilis\u00e9 dans de nombreuses entreprises.<\/p>\n\n\n\n<p>Cet outil permet de suivre l&rsquo;\u00e9volution des VMs ( performances, espace disque , etc &#8230; ) , et de corriger les probl\u00e8mes avant qu&rsquo;ils ne s&rsquo;aggravent.<\/p>\n\n\n\n<hr class=\"wp-block-separator has-text-color has-luminous-vivid-orange-color has-css-opacity has-luminous-vivid-orange-background-color has-background aligncenter is-style-wide\"\/>\n\n\n\n<h3 class=\"wp-block-heading\"><strong>UptimeRobot <\/strong>: <\/h3>\n\n\n\n<p>Afin de savoir si tous les services son bien op\u00e9rationnels ( page Web , eMail , base donn\u00e9es ) , j&rsquo;utilise  UptimeRobot qui permet une vue  globale sur l&rsquo;\u00e9tat des services.<\/p>\n\n\n\n<p>UptimeRobot permet d&rsquo;\u00eatre alert\u00e9 automatiquement lorsqu&rsquo;un service n&rsquo;est plus op\u00e9rationnel.<\/p>\n\n\n\n<h3 class=\"has-text-align-center wp-block-heading\"><mark style=\"background-color:rgba(0, 0, 0, 0)\" class=\"has-inline-color has-luminous-vivid-orange-color\">Vous pouvez voir l&rsquo;\u00e9tat des services<strong> <a rel=\"noreferrer noopener\" href=\"https:\/\/stats.uptimerobot.com\/6G2NoIonLW\" target=\"_blank\">ici <\/a><\/strong>!<\/mark><\/h3>\n","protected":false},"excerpt":{"rendered":"<p>Zabbix : Les syst\u00e8me g\u00e9r\u00e9s par EthicIT sont monitor\u00e9s via Zabbix, puissant outil utilis\u00e9 dans de nombreuses entreprises. Cet outil<\/p>\n","protected":false},"author":1,"featured_media":0,"parent":0,"menu_order":0,"comment_status":"closed","ping_status":"closed","template":"","meta":{"colormag_page_container_layout":"default_layout","colormag_page_sidebar_layout":"default_layout","footnotes":""},"class_list":["post-224","page","type-page","status-publish","hentry"],"_links":{"self":[{"href":"https:\/\/www.ethicit.fr\/index.php?rest_route=\/wp\/v2\/pages\/224","targetHints":{"allow":["GET"]}}],"collection":[{"href":"https:\/\/www.ethicit.fr\/index.php?rest_route=\/wp\/v2\/pages"}],"about":[{"href":"https:\/\/www.ethicit.fr\/index.php?rest_route=\/wp\/v2\/types\/page"}],"author":[{"embeddable":true,"href":"https:\/\/www.ethicit.fr\/index.php?rest_route=\/wp\/v2\/users\/1"}],"replies":[{"embeddable":true,"href":"https:\/\/www.ethicit.fr\/index.php?rest_route=%2Fwp%2Fv2%2Fcomments&post=224"}],"version-history":[{"count":11,"href":"https:\/\/www.ethicit.fr\/index.php?rest_route=\/wp\/v2\/pages\/224\/revisions"}],"predecessor-version":[{"id":381,"href":"https:\/\/www.ethicit.fr\/index.php?rest_route=\/wp\/v2\/pages\/224\/revisions\/381"}],"wp:attachment":[{"href":"https:\/\/www.ethicit.fr\/index.php?rest_route=%2Fwp%2Fv2%2Fmedia&parent=224"}],"curies":[{"name":"wp","href":"https:\/\/api.w.org\/{rel}","templated":true}]}}