{"id":539,"date":"2024-10-23T11:06:58","date_gmt":"2024-10-23T09:06:58","guid":{"rendered":"https:\/\/www.ethicit.fr\/?page_id=539"},"modified":"2024-10-23T11:06:58","modified_gmt":"2024-10-23T09:06:58","slug":"mentions-legales","status":"publish","type":"page","link":"https:\/\/www.ethicit.fr\/?page_id=539","title":{"rendered":"Mentions L\u00e9gales"},"content":{"rendered":"\n<p><\/p>\n\n\n\n<h2 class=\"wp-block-heading\">Le site<\/h2>\n\n\n\n<p>ethicit.fr<\/p>\n\n\n\n<h2 class=\"wp-block-heading\">L\u2019\u00e9diteur<\/h2>\n\n\n\n<p>Baptiste Malet-Schalck\u00a0 \u2022 59 rue de la bergero \u2022 31660 BESSIERES<br>06 66 53 82 52<\/p>\n\n\n\n<h2 class=\"wp-block-heading\">L\u2019h\u00e9bergeur<\/h2>\n\n\n\n<p>Le site ethicit.fr est h\u00e9berg\u00e9 par la soci\u00e9t\u00e9 EthicIT\u00a0 SIRET 849778337 59 rue de la Bergero 31660 Bessi\u00e8res sur une infrastructure et des serveurs localis\u00e9s en France et en Su\u00e8de.<\/p>\n","protected":false},"excerpt":{"rendered":"<p>Le site ethicit.fr L\u2019\u00e9diteur Baptiste Malet-Schalck\u00a0 \u2022 59 rue de la bergero \u2022 31660 BESSIERES06 66 53 82 52 L\u2019h\u00e9bergeur<\/p>\n","protected":false},"author":1,"featured_media":0,"parent":0,"menu_order":0,"comment_status":"closed","ping_status":"closed","template":"","meta":{"colormag_page_container_layout":"default_layout","colormag_page_sidebar_layout":"default_layout","footnotes":""},"class_list":["post-539","page","type-page","status-publish","hentry"],"_links":{"self":[{"href":"https:\/\/www.ethicit.fr\/index.php?rest_route=\/wp\/v2\/pages\/539","targetHints":{"allow":["GET"]}}],"collection":[{"href":"https:\/\/www.ethicit.fr\/index.php?rest_route=\/wp\/v2\/pages"}],"about":[{"href":"https:\/\/www.ethicit.fr\/index.php?rest_route=\/wp\/v2\/types\/page"}],"author":[{"embeddable":true,"href":"https:\/\/www.ethicit.fr\/index.php?rest_route=\/wp\/v2\/users\/1"}],"replies":[{"embeddable":true,"href":"https:\/\/www.ethicit.fr\/index.php?rest_route=%2Fwp%2Fv2%2Fcomments&post=539"}],"version-history":[{"count":1,"href":"https:\/\/www.ethicit.fr\/index.php?rest_route=\/wp\/v2\/pages\/539\/revisions"}],"predecessor-version":[{"id":540,"href":"https:\/\/www.ethicit.fr\/index.php?rest_route=\/wp\/v2\/pages\/539\/revisions\/540"}],"wp:attachment":[{"href":"https:\/\/www.ethicit.fr\/index.php?rest_route=%2Fwp%2Fv2%2Fmedia&parent=539"}],"curies":[{"name":"wp","href":"https:\/\/api.w.org\/{rel}","templated":true}]}}