{"id":85,"date":"2021-06-28T14:36:59","date_gmt":"2021-06-28T12:36:59","guid":{"rendered":"https:\/\/blog.ethicit.fr\/?page_id=85"},"modified":"2023-10-09T16:42:15","modified_gmt":"2023-10-09T14:42:15","slug":"les-solutions-proposees-utilisent-les-outils-suivants","status":"publish","type":"page","link":"https:\/\/www.ethicit.fr\/?page_id=85","title":{"rendered":"Outils et solutions"},"content":{"rendered":"\n<p><\/p>\n\n\n\n<p>Ethic IT vous propose : <\/p>\n\n\n\n<ul class=\"wp-block-list\">\n<li>un cloud rien qu&rsquo;\u00e0 vous , comprenant des outils d&rsquo;\u00e9dition en ligne, des partages de documents et\/ou de r\u00e9pertoires , des calendriers partageables pour chaque utilisateur de votre cloud <\/li>\n\n\n\n<li>un outil de chat pour toute votre \u00e9quipe ( avec diff\u00e9rents salles de discussion possible, etc &#8230; ) <\/li>\n\n\n\n<li>des outils de visioconf\u00e9rence complet ( simple visioconf\u00e9rence, partage de documents et d&rsquo;\u00e9crans , tableau blanc , etc &#8230; )<\/li>\n\n\n\n<li>et bien d&rsquo;autres choses &#8230;.<\/li>\n<\/ul>\n\n\n\n<p><\/p>\n\n\n\n<p><\/p>\n\n\n\n<h1 class=\"wp-block-heading has-text-align-center\"><mark style=\"background-color:rgba(0, 0, 0, 0)\" class=\"has-inline-color has-vivid-cyan-blue-color\">Voici quelques exemples des outils propos\u00e9s :<\/mark><\/h1>\n\n\n\n<div class=\"wp-block-columns alignfull has-black-color has-white-background-color has-text-color has-background is-layout-flex wp-container-core-columns-is-layout-28f84493 wp-block-columns-is-layout-flex\">\n<div class=\"wp-block-column is-layout-flow wp-block-column-is-layout-flow\">\n<div class=\"wp-block-columns alignwide is-layout-flex wp-container-core-columns-is-layout-28f84493 wp-block-columns-is-layout-flex\">\n<div class=\"wp-block-column is-layout-flow wp-block-column-is-layout-flow\" style=\"flex-basis:100%\">\n<figure class=\"wp-block-image aligncenter\"><img loading=\"lazy\" decoding=\"async\" width=\"110\" height=\"110\" src=\"https:\/\/www.ethicit.fr\/wp-content\/uploads\/2021\/06\/sondages.png\" alt=\"\" class=\"wp-image-26\"\/><figcaption class=\"wp-element-caption\"><br>Partage de fichiers s\u00e9curis\u00e9s<\/figcaption><\/figure>\n<\/div>\n<\/div>\n<\/div>\n\n\n\n<div class=\"wp-block-column is-layout-flow wp-block-column-is-layout-flow\">\n<div class=\"wp-block-group alignwide is-layout-flow wp-block-group-is-layout-flow\">\n<div class=\"wp-block-columns alignwide are-vertically-aligned-top is-layout-flex wp-container-core-columns-is-layout-28f84493 wp-block-columns-is-layout-flex\">\n<div class=\"wp-block-column is-layout-flow wp-block-column-is-layout-flow\" style=\"flex-basis:100%\">\n<figure class=\"wp-block-image aligncenter size-full is-style-default\"><img loading=\"lazy\" decoding=\"async\" width=\"110\" height=\"110\" src=\"https:\/\/www.ethicit.fr\/wp-content\/uploads\/2022\/07\/compta.png\" alt=\"\" class=\"wp-image-352\"\/><figcaption class=\"wp-element-caption\">Outil de comptabilit\u00e9<\/figcaption><\/figure>\n<\/div>\n<\/div>\n<\/div>\n<\/div>\n\n\n\n<div class=\"wp-block-column is-layout-flow wp-block-column-is-layout-flow\">\n<div class=\"wp-block-columns alignwide is-layout-flex wp-container-core-columns-is-layout-28f84493 wp-block-columns-is-layout-flex\">\n<div class=\"wp-block-column is-layout-flow wp-block-column-is-layout-flow\" style=\"flex-basis:100%\">\n<figure class=\"wp-block-image aligncenter\"><img loading=\"lazy\" decoding=\"async\" width=\"110\" height=\"110\" src=\"https:\/\/www.ethicit.fr\/wp-content\/uploads\/2021\/06\/contacts.png\" alt=\"\" class=\"wp-image-28\"\/><figcaption class=\"wp-element-caption\">Communication entre \u00e9quipes<\/figcaption><\/figure>\n<\/div>\n<\/div>\n<\/div>\n<\/div>\n\n\n\n<div class=\"wp-block-columns alignfull has-black-color has-white-background-color has-text-color has-background is-layout-flex wp-container-core-columns-is-layout-28f84493 wp-block-columns-is-layout-flex\">\n<div class=\"wp-block-column is-layout-flow wp-block-column-is-layout-flow\">\n<div class=\"wp-block-columns alignwide is-layout-flex wp-container-core-columns-is-layout-28f84493 wp-block-columns-is-layout-flex\">\n<div class=\"wp-block-column is-layout-flow wp-block-column-is-layout-flow\" style=\"flex-basis:100%\">\n<figure class=\"wp-block-image aligncenter\"><img loading=\"lazy\" decoding=\"async\" width=\"110\" height=\"110\" src=\"https:\/\/www.ethicit.fr\/wp-content\/uploads\/2021\/06\/dial.png\" alt=\"\" class=\"wp-image-29\"\/><figcaption class=\"wp-element-caption\">Edition collaborative<\/figcaption><\/figure>\n<\/div>\n<\/div>\n<\/div>\n\n\n\n<div class=\"wp-block-column is-layout-flow wp-block-column-is-layout-flow\">\n<div class=\"wp-block-columns alignwide is-layout-flex wp-container-core-columns-is-layout-28f84493 wp-block-columns-is-layout-flex\">\n<div class=\"wp-block-column is-layout-flow wp-block-column-is-layout-flow\" style=\"flex-basis:50%\">\n<figure class=\"wp-block-image aligncenter\"><img loading=\"lazy\" decoding=\"async\" width=\"110\" height=\"110\" src=\"https:\/\/www.ethicit.fr\/wp-content\/uploads\/2021\/06\/cloud.png\" alt=\"\" class=\"wp-image-30\"\/><figcaption class=\"wp-element-caption\">Service cloud complet<\/figcaption><\/figure>\n<\/div>\n\n\n\n<div class=\"wp-block-column is-layout-flow wp-block-column-is-layout-flow\" style=\"flex-basis:50%\">\n<figure class=\"wp-block-image aligncenter size-large is-resized\"><img loading=\"lazy\" decoding=\"async\" src=\"https:\/\/www.arobace.net\/wp-content\/uploads\/2022\/06\/rustdesk-YDkkVF.png\" alt=\"\" style=\"width:96px;height:96px\" width=\"96\" height=\"96\"\/><figcaption class=\"wp-element-caption\">D\u00e9pannage via prise en \u00e0 main \u00e0 distance<\/figcaption><\/figure>\n<\/div>\n<\/div>\n<\/div>\n\n\n\n<div class=\"wp-block-column is-layout-flow wp-block-column-is-layout-flow\">\n<div class=\"wp-block-columns alignwide is-layout-flex wp-container-core-columns-is-layout-28f84493 wp-block-columns-is-layout-flex\">\n<div class=\"wp-block-column is-layout-flow wp-block-column-is-layout-flow\" style=\"flex-basis:100%\">\n<figure class=\"wp-block-image aligncenter\"><img loading=\"lazy\" decoding=\"async\" width=\"110\" height=\"110\" src=\"https:\/\/www.ethicit.fr\/wp-content\/uploads\/2021\/06\/tel.png\" alt=\"\" class=\"wp-image-31\"\/><figcaption class=\"wp-element-caption\">Accessibilit\u00e9 totale<\/figcaption><\/figure>\n<\/div>\n<\/div>\n<\/div>\n<\/div>\n\n\n\n<div class=\"wp-block-columns alignfull has-black-color has-white-background-color has-text-color has-background is-layout-flex wp-container-core-columns-is-layout-28f84493 wp-block-columns-is-layout-flex\">\n<div class=\"wp-block-column is-layout-flow wp-block-column-is-layout-flow\">\n<div class=\"wp-block-columns alignwide is-layout-flex wp-container-core-columns-is-layout-28f84493 wp-block-columns-is-layout-flex\">\n<div class=\"wp-block-column is-layout-flow wp-block-column-is-layout-flow\" style=\"flex-basis:100%\">\n<figure class=\"wp-block-image aligncenter is-resized\"><img loading=\"lazy\" decoding=\"async\" src=\"https:\/\/www.ethicit.fr\/wp-content\/uploads\/2021\/06\/visios.png\" alt=\"\" class=\"wp-image-32\" style=\"width:110px;height:110px\" width=\"110\" height=\"110\"\/><figcaption class=\"wp-element-caption\">Visio-conf\u00e9rences<\/figcaption><\/figure>\n<\/div>\n<\/div>\n<\/div>\n\n\n\n<div class=\"wp-block-column is-layout-flow wp-block-column-is-layout-flow\">\n<div class=\"wp-block-columns alignwide is-layout-flex wp-container-core-columns-is-layout-28f84493 wp-block-columns-is-layout-flex\">\n<div class=\"wp-block-column is-layout-flow wp-block-column-is-layout-flow\" style=\"flex-basis:50%\">\n<figure class=\"wp-block-image aligncenter size-full is-resized\"><img loading=\"lazy\" decoding=\"async\" src=\"https:\/\/www.ethicit.fr\/wp-content\/uploads\/2022\/03\/pngwing.com_.png\" alt=\"\" class=\"wp-image-325\" style=\"width:110px;height:110px\" width=\"110\" height=\"110\" srcset=\"https:\/\/www.ethicit.fr\/wp-content\/uploads\/2022\/03\/pngwing.com_.png 512w, https:\/\/www.ethicit.fr\/wp-content\/uploads\/2022\/03\/pngwing.com_-300x300.png 300w, https:\/\/www.ethicit.fr\/wp-content\/uploads\/2022\/03\/pngwing.com_-150x150.png 150w\" sizes=\"auto, (max-width: 110px) 100vw, 110px\" \/><figcaption class=\"wp-element-caption\">Editions de documents Microsoft Office<\/figcaption><\/figure>\n<\/div>\n\n\n\n<div class=\"wp-block-column is-layout-flow wp-block-column-is-layout-flow\" style=\"flex-basis:50%\">\n<figure class=\"wp-block-image aligncenter size-large is-resized\"><img loading=\"lazy\" decoding=\"async\" src=\"https:\/\/www.collaboraoffice.com\/wp-content\/uploads\/2022\/03\/cropped-collabora-productivity-nav-icon.png\" alt=\"\" style=\"width:71px;height:96px\" width=\"71\" height=\"96\"\/><figcaption class=\"wp-element-caption\"><br>Editions de documents OpenOffice<\/figcaption><\/figure>\n<\/div>\n<\/div>\n<\/div>\n\n\n\n<div class=\"wp-block-column is-layout-flow wp-block-column-is-layout-flow\">\n<div class=\"wp-block-columns alignwide is-layout-flex wp-container-core-columns-is-layout-28f84493 wp-block-columns-is-layout-flex\">\n<div class=\"wp-block-column is-layout-flow wp-block-column-is-layout-flow\" style=\"flex-basis:100%\">\n<figure class=\"wp-block-image aligncenter is-resized\"><img loading=\"lazy\" decoding=\"async\" src=\"https:\/\/www.ethicit.fr\/wp-content\/uploads\/2021\/06\/video.png\" alt=\"\" class=\"wp-image-33\" style=\"width:110px;height:110px\" width=\"110\" height=\"110\"\/><figcaption class=\"wp-element-caption\">Vid\u00e9oth\u00e8que <\/figcaption><\/figure>\n<\/div>\n<\/div>\n<\/div>\n<\/div>\n\n\n\n<p><\/p>\n\n\n\n<h2 class=\"wp-block-heading has-text-align-center\"><mark style=\"background-color:rgba(0, 0, 0, 0)\" class=\"has-inline-color has-vivid-cyan-blue-color\"><strong>Les solutions propos\u00e9es se basent sur les outils libres suivants :<\/strong><\/mark><\/h2>\n\n\n\n<div class=\"wp-block-columns alignfull is-layout-flex wp-container-core-columns-is-layout-28f84493 wp-block-columns-is-layout-flex\">\n<div class=\"wp-block-column is-layout-flow wp-block-column-is-layout-flow\" style=\"flex-basis:100%\">\n<div class=\"wp-block-columns alignfull is-layout-flex wp-container-core-columns-is-layout-28f84493 wp-block-columns-is-layout-flex\">\n<div class=\"wp-block-column is-layout-flow wp-block-column-is-layout-flow\">\n<p class=\"has-text-align-center has-medium-font-size\"><strong><span class=\"has-inline-color has-luminous-vivid-orange-color\">Serveurs web<\/span><\/strong> : nginx et apache<\/p>\n\n\n\n<p class=\"has-text-align-center has-medium-font-size\"><strong><span class=\"has-inline-color has-luminous-vivid-orange-color\">Hyperviseur <\/span><\/strong>: Proxmox VE<\/p>\n\n\n\n<p class=\"has-text-align-center has-medium-font-size\"> <strong><span class=\"has-inline-color has-luminous-vivid-orange-color\">Supervision <\/span><\/strong>: Zabbix<\/p>\n\n\n\n<p class=\"has-text-align-center has-medium-font-size\"><strong><span class=\"has-inline-color has-luminous-vivid-orange-color\">Parefeu <\/span><\/strong>: pfsense<\/p>\n\n\n\n<p class=\"has-text-align-center has-medium-font-size\"><strong><mark style=\"background-color:rgba(0, 0, 0, 0)\" class=\"has-inline-color has-luminous-vivid-orange-color\">LXC <\/mark><\/strong>: Debian 12<\/p>\n\n\n\n<p class=\"has-text-align-center has-medium-font-size\"><strong><mark><mark style=\"background-color:#ffffff\" class=\"has-inline-color has-luminous-vivid-orange-color\">Suite bureautique<\/mark><\/mark> <\/strong>: Collabora<\/p>\n<\/div>\n\n\n\n<div class=\"wp-block-column is-layout-flow wp-block-column-is-layout-flow\">\n<p class=\"has-text-align-center has-medium-font-size\"><strong><span class=\"has-inline-color has-luminous-vivid-orange-color\">Bases de donn\u00e9es<\/span><\/strong> : Postgresql et MariaDB<\/p>\n\n\n\n<p class=\"has-text-align-center has-medium-font-size\"><strong><span style=\"background-color:rgba(0, 0, 0, 0)\" class=\"has-inline-color has-luminous-vivid-orange-color\">Communication interne<\/span><\/strong> : Mattermost ou Matrix<\/p>\n\n\n\n<p class=\"has-text-align-center has-medium-font-size\"><strong><span class=\"has-inline-color has-luminous-vivid-orange-color\">Gestion des utilisateurs<\/span><\/strong> : OpenLdap<\/p>\n\n\n\n<p class=\"has-text-align-center has-medium-font-size\"><strong><mark style=\"background-color:rgba(0, 0, 0, 0)\" class=\"has-inline-color has-luminous-vivid-orange-color\">Suite bureautique<\/mark><\/strong>  : OnlyOffice<\/p>\n\n\n\n<p class=\"has-text-align-center has-medium-font-size\"><strong><span class=\"has-inline-color has-luminous-vivid-orange-color\">Cloud<\/span><\/strong>: Nextcloud<\/p>\n<\/div>\n\n\n\n<div class=\"wp-block-column is-layout-flow wp-block-column-is-layout-flow\">\n<p class=\"has-text-align-center has-medium-font-size\"><strong><span class=\"has-inline-color has-luminous-vivid-orange-color\">Partage d&rsquo;\u00e9l\u00e9ments s\u00e9curis\u00e9s<\/span><\/strong> : Lufi<\/p>\n\n\n\n<p class=\"has-text-align-center has-medium-font-size\"><strong><span class=\"has-inline-color has-luminous-vivid-orange-color\">Visio-conf\u00e9rences<\/span><\/strong> : BigBlueButton<\/p>\n\n\n\n<p class=\"has-text-align-center has-medium-font-size\"><strong><span class=\"has-inline-color has-luminous-vivid-orange-color\">Textes collaboratifs<\/span><\/strong> : Etherpad<\/p>\n\n\n\n<p class=\"has-text-align-center has-medium-font-size\"><strong><span class=\"has-inline-color has-luminous-vivid-orange-color\">Partage de vid\u00e9os<\/span><\/strong> : Peertube <\/p>\n\n\n\n<p class=\"has-text-align-center has-medium-font-size\"><strong><mark style=\"background-color:rgba(0, 0, 0, 0)\" class=\"has-inline-color has-luminous-vivid-orange-color\">Comptabilit\u00e9<\/mark><\/strong>: Dolibarr<\/p>\n\n\n\n<p class=\"has-text-align-center has-medium-font-size\"><mark style=\"background-color:rgba(0, 0, 0, 0)\" class=\"has-inline-color has-luminous-vivid-orange-color\"><strong>Prise en main \u00e0 distance<\/strong><\/mark> : RustDeck<\/p>\n<\/div>\n<\/div>\n<\/div>\n<\/div>\n\n\n\n\n\n<p><\/p>\n","protected":false},"excerpt":{"rendered":"<p>Ethic IT vous propose : Voici quelques exemples des outils propos\u00e9s : Les solutions propos\u00e9es se basent sur les outils<\/p>\n","protected":false},"author":1,"featured_media":0,"parent":0,"menu_order":0,"comment_status":"closed","ping_status":"closed","template":"","meta":{"colormag_page_container_layout":"no_sidebar_full_width","colormag_page_sidebar_layout":"no_sidebar","footnotes":""},"class_list":["post-85","page","type-page","status-publish","hentry"],"_links":{"self":[{"href":"https:\/\/www.ethicit.fr\/index.php?rest_route=\/wp\/v2\/pages\/85","targetHints":{"allow":["GET"]}}],"collection":[{"href":"https:\/\/www.ethicit.fr\/index.php?rest_route=\/wp\/v2\/pages"}],"about":[{"href":"https:\/\/www.ethicit.fr\/index.php?rest_route=\/wp\/v2\/types\/page"}],"author":[{"embeddable":true,"href":"https:\/\/www.ethicit.fr\/index.php?rest_route=\/wp\/v2\/users\/1"}],"replies":[{"embeddable":true,"href":"https:\/\/www.ethicit.fr\/index.php?rest_route=%2Fwp%2Fv2%2Fcomments&post=85"}],"version-history":[{"count":18,"href":"https:\/\/www.ethicit.fr\/index.php?rest_route=\/wp\/v2\/pages\/85\/revisions"}],"predecessor-version":[{"id":520,"href":"https:\/\/www.ethicit.fr\/index.php?rest_route=\/wp\/v2\/pages\/85\/revisions\/520"}],"wp:attachment":[{"href":"https:\/\/www.ethicit.fr\/index.php?rest_route=%2Fwp%2Fv2%2Fmedia&parent=85"}],"curies":[{"name":"wp","href":"https:\/\/api.w.org\/{rel}","templated":true}]}}