{"id":89,"date":"2021-06-28T22:12:30","date_gmt":"2021-06-28T20:12:30","guid":{"rendered":"https:\/\/blog.ethicit.fr\/?page_id=89"},"modified":"2026-04-20T21:53:58","modified_gmt":"2026-04-20T19:53:58","slug":"les-prix-proposes","status":"publish","type":"page","link":"https:\/\/www.ethicit.fr\/?page_id=89","title":{"rendered":"Les offres propos\u00e9es :"},"content":{"rendered":"\n<hr class=\"wp-block-separator has-text-color has-vivid-cyan-blue-color has-css-opacity has-vivid-cyan-blue-background-color has-background is-style-wide\"\/>\n\n\n\n<div class=\"wp-block-group divborder has-black-color has-text-color is-layout-flow wp-block-group-is-layout-flow\">\n<h2 class=\"wp-block-heading has-text-align-center\">1 offre cloud au choix :<\/h2>\n\n\n\n<div class=\"wp-block-columns is-layout-flex wp-container-core-columns-is-layout-28f84493 wp-block-columns-is-layout-flex\">\n<div class=\"wp-block-column is-layout-flow wp-block-column-is-layout-flow\">\n<div class=\"wp-block-group alignwide is-layout-flow wp-block-group-is-layout-flow\">\n<figure class=\"wp-block-table alignwide is-style-regular\"><table class=\"has-black-color has-text-color has-background\" style=\"background-color:#b4e2ff\"><thead><tr><th class=\"has-text-align-center\" data-align=\"center\"><strong>Tarif de base<br>80\u20acttc annuellement<\/strong><\/th><\/tr><\/thead><tbody><tr><td class=\"has-text-align-center\" data-align=\"center\"><\/td><\/tr><tr><td class=\"has-text-align-center\" data-align=\"center\"><i class=\"fas fa-database\"><\/i> 30 Go \u00e0 partager entre vos utilisateurs<br><i class=\"fas fa-comments\"><\/i> Chat \/ Communication<br><i class=\"far fa-edit\"><\/i> Edition collaborative<br><i class=\"fas fa-sitemap\"><\/i> H\u00e9bergement du site internet<\/td><\/tr><\/tbody><\/table><\/figure>\n<\/div>\n\n\n\n<p class=\"has-text-align-center\"><s>+ 80\u20ac de mise en place du service la premi\u00e8re ann\u00e9e<\/s><\/p>\n<\/div>\n\n\n\n<div class=\"wp-block-column is-layout-flow wp-block-column-is-layout-flow\">\n<div class=\"wp-block-group alignwide is-layout-flow wp-block-group-is-layout-flow\">\n<figure class=\"wp-block-table alignwide alignfull is-style-regular\"><table class=\"has-black-color has-text-color has-background\" style=\"background-color:#b4e2ff\"><thead><tr><th class=\"has-text-align-center\" data-align=\"center\"><strong>Tarif privil\u00e8ge<br>100\u20acttc annuellement<\/strong><\/th><\/tr><\/thead><tbody><tr><td class=\"has-text-align-center\" data-align=\"center\"><\/td><\/tr><tr><td class=\"has-text-align-center\" data-align=\"center\"><i class=\"fas fa-database\"><\/i> <strong><span class=\"has-inline-color has-vivid-red-color\">50 <\/span><\/strong>Go \u00e0 partager entre vos utilisateurs<br><i class=\"fas fa-comments\"><\/i> Chat \/ Communication<br><i class=\"far fa-edit\"><\/i> Edition collaborative<br><i class=\"fas fa-sitemap\"><\/i> H\u00e9bergement du site internet<\/td><\/tr><\/tbody><\/table><\/figure>\n<\/div>\n\n\n\n<p class=\"has-text-align-center\"><s>+ 100\u20ac de mise en place du service la premi\u00e8re ann\u00e9e<\/s><\/p>\n<\/div>\n<\/div>\n<\/div>\n\n\n\n<p><\/p>\n\n\n\n<h2 class=\"wp-block-heading has-text-align-center\"><i class=\"fas fa-plus-circle\"><\/i> <\/h2>\n\n\n\n<h2 class=\"wp-block-heading has-text-align-center\">1 option  visio<\/h2>\n\n\n\n<figure class=\"wp-block-table is-style-regular divborder\"><table class=\"has-black-color has-text-color has-background\" style=\"background-color:#b8ccff\"><thead><tr><th class=\"has-text-align-center\" data-align=\"center\"><strong><i class=\"fas fa-video\"><\/i> BigBlueButton<\/strong><br><strong>15\u20ac\/mois<\/strong><\/th><\/tr><\/thead><tbody><tr><td class=\"has-text-align-center\" data-align=\"center\"><\/td><\/tr><tr><td class=\"has-text-align-center\" data-align=\"center\">Outil complet de vid\u00e9oconf\u00e9rence , pour cr\u00e9er des salles de r\u00e9unions, des sondages pendant les r\u00e9unions, partage de documents , enregistrement automatique des conf\u00e9rences &#8230; alternative compl\u00e8te \u00e0 Teams et consort !<\/td><\/tr><\/tbody><\/table><\/figure>\n\n\n\n<h2 class=\"wp-block-heading has-text-align-center\">Il est \u00e9videment possible d&rsquo;ajouter des \u00e9l\u00e9ments dans ces propositions !<\/h2>\n\n\n\n<div class=\"wp-block-columns is-layout-flex wp-container-core-columns-is-layout-28f84493 wp-block-columns-is-layout-flex\">\n<div class=\"wp-block-column is-layout-flow wp-block-column-is-layout-flow\">\n<p class=\"has-text-align-center\"> <i class=\"fab fa-stack-exchange\"><\/i> Outil de Gestion<\/p>\n<\/div>\n\n\n\n<div class=\"wp-block-column is-layout-flow wp-block-column-is-layout-flow\">\n<p class=\"has-text-align-center\"><i class=\"fas fa-wallet\"><\/i> Coffre-fort num\u00e9rique<\/p>\n<\/div>\n\n\n\n<div class=\"wp-block-column is-layout-flow wp-block-column-is-layout-flow\">\n<p class=\"has-text-align-center\"><i class=\"fas fa-film\"><\/i> Vid\u00e9oth\u00e8que<\/p>\n<\/div>\n<\/div>\n\n\n\n<hr class=\"wp-block-separator has-alpha-channel-opacity\"\/>\n\n\n\n<div class=\"wp-block-group alignwide is-layout-flow wp-block-group-is-layout-flow\">\n<div class=\"wp-block-group alignwide is-layout-flow wp-block-group-is-layout-flow\">\n<div class=\"wp-block-group is-content-justification-center is-nowrap is-layout-flex wp-container-core-group-is-layout-23441af8 wp-block-group-is-layout-flex\">\n<p><\/p>\n\n\n\n<h1 class=\"wp-block-heading\">H\u00e9bergement de Site internet <\/h1>\n<\/div>\n<\/div>\n\n\n\n<div class=\"wp-block-columns is-layout-flex wp-container-core-columns-is-layout-28f84493 wp-block-columns-is-layout-flex\">\n<div class=\"wp-block-column is-layout-flow wp-block-column-is-layout-flow\">\n<h2 class=\"wp-block-heading has-text-align-center\">Type WordPress<\/h2>\n\n\n\n<figure class=\"wp-block-table alignwide is-style-regular\"><table class=\"has-black-color has-text-color has-background\" style=\"background-color:#b4e2ff\"><thead><tr><th class=\"has-text-align-center\" data-align=\"center\"><strong>30\u20acttc annuellement<\/strong><\/th><\/tr><\/thead><tbody><tr><td class=\"has-text-align-center\" data-align=\"center\">    &#8211; <\/td><\/tr><tr><td class=\"has-text-align-center\" data-align=\"center\"><i class=\"fas fa-database\"><\/i> 10Go d&rsquo;h\u00e9bergement<br><i class=\"fas fa-comments\"><\/i> Acc\u00e8s FTP\/SFTP<br><i class=\"far fa-edit\"><\/i> Gestion des certificats SSL <br><i class=\"fas fa-sitemap\"><\/i> Gestion du nom de domaine<\/td><\/tr><\/tbody><\/table><\/figure>\n<\/div>\n\n\n\n<div class=\"wp-block-column is-layout-flow wp-block-column-is-layout-flow\">\n<h2 class=\"wp-block-heading has-text-align-center\">Type Dolibarr ( ERP )<\/h2>\n\n\n\n<figure class=\"wp-block-table alignwide is-style-regular\">\n<table class=\"has-black-color has-text-color has-background\" style=\"background-color: #b4ffe2;\">\n<thead>\n<tr>\n<th class=\"has-text-align-center\" data-align=\"center\"><strong>50\u20acttc annuellement<\/strong><\/th>\n<\/tr>\n<\/thead>\n<tbody>\n<tr>\n<td class=\"has-text-align-center\" data-align=\"center\">&nbsp;<\/td>\n<\/tr>\n<tr>\n<td class=\"has-text-align-center\" data-align=\"center\"><i class=\"fas fa-database\"><\/i> 10Go d&rsquo;h\u00e9bergement<br><i class=\"fas fa-comments\"><\/i> Acc\u00e8s FTP\/SFTP<br><i class=\"far fa-edit\"><\/i> Gestion des certificats SSL <br><i class=\"fas fa-sitemap\"><\/i> Gestion du nom de domaine<\/td>\n<\/tr>\n<\/tbody>\n<\/table>\n<\/figure>\n<\/div>\n<\/div>\n<\/div>\n\n\n\n<p><\/p>\n\n\n\n<div class=\"wp-block-buttons alignfull is-horizontal is-content-justification-center is-layout-flex wp-container-core-buttons-is-layout-03627597 wp-block-buttons-is-layout-flex\">\n<div class=\"wp-block-button is-style-fill\"><a class=\"wp-block-button__link has-vivid-cyan-blue-background-color has-background wp-element-button\" href=\"https:\/\/www.ethicit.fr\/?page_id=253\">Si cela vous int\u00e9resse , contactez moi !<\/a><\/div>\n<\/div>\n\n\n\n<p><\/p>\n","protected":false},"excerpt":{"rendered":"<p>1 offre cloud au choix : Tarif de base80\u20acttc annuellement 30 Go \u00e0 partager entre vos utilisateurs Chat \/ Communication<\/p>\n","protected":false},"author":1,"featured_media":0,"parent":0,"menu_order":0,"comment_status":"closed","ping_status":"closed","template":"","meta":{"colormag_page_container_layout":"no_sidebar_full_width","colormag_page_sidebar_layout":"no_sidebar","footnotes":""},"class_list":["post-89","page","type-page","status-publish","hentry"],"_links":{"self":[{"href":"https:\/\/www.ethicit.fr\/index.php?rest_route=\/wp\/v2\/pages\/89","targetHints":{"allow":["GET"]}}],"collection":[{"href":"https:\/\/www.ethicit.fr\/index.php?rest_route=\/wp\/v2\/pages"}],"about":[{"href":"https:\/\/www.ethicit.fr\/index.php?rest_route=\/wp\/v2\/types\/page"}],"author":[{"embeddable":true,"href":"https:\/\/www.ethicit.fr\/index.php?rest_route=\/wp\/v2\/users\/1"}],"replies":[{"embeddable":true,"href":"https:\/\/www.ethicit.fr\/index.php?rest_route=%2Fwp%2Fv2%2Fcomments&post=89"}],"version-history":[{"count":43,"href":"https:\/\/www.ethicit.fr\/index.php?rest_route=\/wp\/v2\/pages\/89\/revisions"}],"predecessor-version":[{"id":558,"href":"https:\/\/www.ethicit.fr\/index.php?rest_route=\/wp\/v2\/pages\/89\/revisions\/558"}],"wp:attachment":[{"href":"https:\/\/www.ethicit.fr\/index.php?rest_route=%2Fwp%2Fv2%2Fmedia&parent=89"}],"curies":[{"name":"wp","href":"https:\/\/api.w.org\/{rel}","templated":true}]}}